{"id":776,"date":"2022-10-17T13:26:38","date_gmt":"2022-10-17T13:26:38","guid":{"rendered":"https:\/\/nutribien.fr\/home\/"},"modified":"2023-04-18T12:22:21","modified_gmt":"2023-04-18T10:22:21","slug":"home","status":"publish","type":"page","link":"https:\/\/nutribien.fr\/","title":{"rendered":"Accueil"},"content":{"rendered":"\n<div class=\"wp-block-uagb-container uagb-block-65678f5f alignfull uagb-is-root-container\"><div class=\"uagb-container-inner-blocks-wrap\">\n<div class=\"wp-block-uagb-container uagb-block-75b89b34\">\n<div class=\"wp-block-uagb-advanced-heading uagb-block-f1266ee8\"><h6 class=\"uagb-heading-text\">D\u00e9couvrez les meilleurs produits pour une vie saine<\/h6><\/div>\n\n\n\n<div class=\"wp-block-uagb-call-to-action uagb-block-d93a38e5 wp-block-button\"><div class=\"uagb-cta__wrap\"><h1 class=\"uagb-cta__title\">Mieux vivre avec Nutribien.fr<\/h1><p class=\"uagb-cta__desc\">Chez Nutribien.fr, nous s\u00e9lectionnons les meilleurs produits pour vous  aider \u00e0 vivre une vie plus saine et \u00e9quilibr\u00e9e. Nous sommes fiers de  collaborer avec les meilleurs producteurs pour vous offrir une gamme  compl\u00e8te de produits naturels et de qualit\u00e9 sup\u00e9rieure.<\/p><\/div><div class=\"uagb-cta__buttons\"><a href=\"?page_id=25704\" class=\"uagb-cta__button-link-wrapper wp-block-button__link\" target=\"_self\" rel=\"noopener noreferrer\">LIRE NOS Articles<\/a><\/div><\/div>\n\n\n\n<div class=\"wp-block-uagb-image uagb-block-479f7679 wp-block-uagb-image--layout-default wp-block-uagb-image--effect-static wp-block-uagb-image--align-none\"><figure class=\"wp-block-uagb-image__figure\"><img decoding=\"async\" srcset=\"https:\/\/nutribien.fr\/wp-content\/uploads\/2022\/03\/dotted-pattern.png \" src=\"https:\/\/nutribien.fr\/wp-content\/uploads\/2022\/03\/dotted-pattern.png\" alt=\"\" class=\"uag-image-626\" width=\"293\" height=\"28\" title=\"\" loading=\"lazy\"\/><\/figure><\/div>\n<\/div>\n\n\n\n<div class=\"wp-block-uagb-container uagb-block-58f91801\">\n<div class=\"wp-block-uagb-image uagb-block-6b29243b wp-block-uagb-image--layout-overlay wp-block-uagb-image--effect-zoomin wp-block-uagb-image--align-none\"><figure class=\"wp-block-uagb-image__figure\"><img decoding=\"async\" srcset=\"https:\/\/nutribien.fr\/wp-content\/uploads\/2023\/04\/low-photoholgic-f1L7cxdldYQ-unsplash-683x1024.jpg \" src=\"https:\/\/nutribien.fr\/wp-content\/uploads\/2023\/04\/low-photoholgic-f1L7cxdldYQ-unsplash-683x1024.jpg\" alt=\"\" class=\"uag-image-25697\" width=\"\" height=\"\" title=\"\" loading=\"lazy\"\/><div class=\"wp-block-uagb-image--layout-overlay__color-wrapper\"><\/div><div class=\"wp-block-uagb-image--layout-overlay__inner center-center\"><a class=\"wp-block-uagb-image--layout-overlay-link \" href=\"\" target=\"\" rel=\"noopener\"><\/a><figcaption class=\"uagb-image-caption\">Le ginkgo biloba est un arbre originaire de Chine, connu pour ses feuilles en forme d&rsquo;\u00e9ventail et pour sa long\u00e9vit\u00e9 exceptionnelle. Cette plante est consid\u00e9r\u00e9e comme sacr\u00e9e dans la culture chinoise, japonaise et cor\u00e9enne, et est utilis\u00e9e depuis des mill\u00e9naires pour ses propri\u00e9t\u00e9s m\u00e9dicinales. Le gingko est souvent associ\u00e9 \u00e0 la m\u00e9moire et \u00e0 la concentration, et est utilis\u00e9 comme rem\u00e8de naturel pour am\u00e9liorer la circulation sanguine et lutter contre les maladies li\u00e9es \u00e0 l&rsquo;\u00e2ge.<\/figcaption><\/div><\/figure><\/div>\n<\/div>\n<\/div><\/div>\n\n\n\n\t\t\t<div class=\"wp-block-uagb-post-carousel uagb-post-grid  uagb-post__image-position-top uagb-post__image-enabled uagb-block-d4cc2ccf     uagb-post__arrow-outside uagb-slick-carousel uagb-post__items uagb-post__columns-3 is-carousel uagb-post__columns-tablet-2 uagb-post__columns-mobile-1\" data-total=\"5\" style=\"\">\n\n\t\t\t\t\t\t\t\t\t\t\t\t<article class=\"uagb-post__inner-wrap\">\t\t\t\t\t\t\t\t<div class='uagb-post__image'>\n\t\t\t\t\t\t\t\t\t<a href=\"https:\/\/nutribien.fr\/?p=25831\" target=\"_self\" rel=\"bookmark noopener noreferrer\"><img loading=\"lazy\" decoding=\"async\" width=\"640\" height=\"960\" src=\"https:\/\/nutribien.fr\/wp-content\/uploads\/2023\/05\/levi-arnold-U3EfjAx4rtk-unsplash.jpg\" class=\"attachment-large size-large\" alt=\"\" srcset=\"https:\/\/nutribien.fr\/wp-content\/uploads\/2023\/05\/levi-arnold-U3EfjAx4rtk-unsplash.jpg 640w, https:\/\/nutribien.fr\/wp-content\/uploads\/2023\/05\/levi-arnold-U3EfjAx4rtk-unsplash-200x300.jpg 200w\" sizes=\"auto, (max-width: 640px) 100vw, 640px\" \/>\t\t\t\t\t<\/a>\n\t\t\t\t\t\t\t\t\t<\/div>\n\t\t\t\t\t\t<h4 class=\"uagb-post__title uagb-post__text\">\n\t\t\t\t<a href=\"https:\/\/nutribien.fr\/?p=25831\" target=\"_self\" rel=\"bookmark noopener noreferrer\">Comment profiter pleinement du camping en tente et en faire une exp\u00e9rience inoubliable<\/a>\n\t\t\t<\/h4>\n\t\t\t\t\t\t<div class='uagb-post__text uagb-post-grid-byline'>\n\t\t\t\t\t\t\t\t<time datetime=\"2023-05-04T16:20:00+02:00\" class=\"uagb-post__date\">\n\t\t\t\t<span class=\"dashicons-calendar dashicons\"><\/span>\t\t\t\t\t4 mai 2023\t\t\t\t<\/time>\n\t\t\t\t\t\t\t<span class=\"uagb-post__comment\">\n\t\t\t\t<span class=\"dashicons-admin-comments dashicons\"><\/span>\t\t\t\t\tAucun commentaire\t\t\t\t<\/span>\n\t\t\t\t\t\t<\/div>\n\t\t\t\t\t\t\t<div class='uagb-post__text uagb-post__excerpt'>\n\t\t\t\t\t<p>Le camping en tente est une excellente fa\u00e7on de se reconnecter avec la nature, de&#8230;\t\t\t\t<\/div>\n\t\t\t\t\t\t<div class=\"uagb-post__text uagb-post__cta wp-block-button\">\n\t\t\t\t<a class=\"wp-block-button__link uagb-text-link\" href=\"https:\/\/nutribien.fr\/?p=25831\" target=\"_self\" rel=\"bookmark noopener noreferrer\">Lire la suite<\/a>\n\t\t\t<\/div>\n\t\t\t\t\t\t\t\t\t\t\t\t<\/article>\n\t\t\t\t\t\t\t\t\t\t\t\t\t\t\t\t<article class=\"uagb-post__inner-wrap\">\t\t\t\t\t\t\t\t<div class='uagb-post__image'>\n\t\t\t\t\t\t\t\t\t<a href=\"https:\/\/nutribien.fr\/?p=25821\" target=\"_self\" rel=\"bookmark noopener noreferrer\"><img loading=\"lazy\" decoding=\"async\" width=\"640\" height=\"391\" src=\"https:\/\/nutribien.fr\/wp-content\/uploads\/2023\/04\/thestandingdesk-F9tEfwqN3Ho-unsplash.jpg\" class=\"attachment-large size-large\" alt=\"\" srcset=\"https:\/\/nutribien.fr\/wp-content\/uploads\/2023\/04\/thestandingdesk-F9tEfwqN3Ho-unsplash.jpg 640w, https:\/\/nutribien.fr\/wp-content\/uploads\/2023\/04\/thestandingdesk-F9tEfwqN3Ho-unsplash-300x183.jpg 300w\" sizes=\"auto, (max-width: 640px) 100vw, 640px\" \/>\t\t\t\t\t<\/a>\n\t\t\t\t\t\t\t\t\t<\/div>\n\t\t\t\t\t\t<h4 class=\"uagb-post__title uagb-post__text\">\n\t\t\t\t<a href=\"https:\/\/nutribien.fr\/?p=25821\" target=\"_self\" rel=\"bookmark noopener noreferrer\">Quel gadget existe pour avoir une meilleur posture en \u00e9tant assis ?<\/a>\n\t\t\t<\/h4>\n\t\t\t\t\t\t<div class='uagb-post__text uagb-post-grid-byline'>\n\t\t\t\t\t\t\t\t<time datetime=\"2023-04-20T12:03:54+02:00\" class=\"uagb-post__date\">\n\t\t\t\t<span class=\"dashicons-calendar dashicons\"><\/span>\t\t\t\t\t20 avril 2023\t\t\t\t<\/time>\n\t\t\t\t\t\t\t<span class=\"uagb-post__comment\">\n\t\t\t\t<span class=\"dashicons-admin-comments dashicons\"><\/span>\t\t\t\t\tAucun commentaire\t\t\t\t<\/span>\n\t\t\t\t\t\t<\/div>\n\t\t\t\t\t\t\t<div class='uagb-post__text uagb-post__excerpt'>\n\t\t\t\t\t<p>Il existe plusieurs gadgets qui peuvent vous aider \u00e0 maintenir une bonne posture en \u00e9tant&#8230;\t\t\t\t<\/div>\n\t\t\t\t\t\t<div class=\"uagb-post__text uagb-post__cta wp-block-button\">\n\t\t\t\t<a class=\"wp-block-button__link uagb-text-link\" href=\"https:\/\/nutribien.fr\/?p=25821\" target=\"_self\" rel=\"bookmark noopener noreferrer\">Lire la suite<\/a>\n\t\t\t<\/div>\n\t\t\t\t\t\t\t\t\t\t\t\t<\/article>\n\t\t\t\t\t\t\t\t\t\t\t\t\t\t\t\t<article class=\"uagb-post__inner-wrap\">\t\t\t\t\t\t\t\t<div class='uagb-post__image'>\n\t\t\t\t\t\t\t\t\t<a href=\"https:\/\/nutribien.fr\/?p=25818\" target=\"_self\" rel=\"bookmark noopener noreferrer\"><img loading=\"lazy\" decoding=\"async\" width=\"640\" height=\"427\" src=\"https:\/\/nutribien.fr\/wp-content\/uploads\/2023\/04\/pim-chu-bpvQ7RWZjwk-unsplash.jpg\" class=\"attachment-large size-large\" alt=\"\" srcset=\"https:\/\/nutribien.fr\/wp-content\/uploads\/2023\/04\/pim-chu-bpvQ7RWZjwk-unsplash.jpg 640w, https:\/\/nutribien.fr\/wp-content\/uploads\/2023\/04\/pim-chu-bpvQ7RWZjwk-unsplash-300x200.jpg 300w\" sizes=\"auto, (max-width: 640px) 100vw, 640px\" \/>\t\t\t\t\t<\/a>\n\t\t\t\t\t\t\t\t\t<\/div>\n\t\t\t\t\t\t<h4 class=\"uagb-post__title uagb-post__text\">\n\t\t\t\t<a href=\"https:\/\/nutribien.fr\/?p=25818\" target=\"_self\" rel=\"bookmark noopener noreferrer\">Les meilleurs exercices pour maintenir une bonne posture au travail<\/a>\n\t\t\t<\/h4>\n\t\t\t\t\t\t<div class='uagb-post__text uagb-post-grid-byline'>\n\t\t\t\t\t\t\t\t<time datetime=\"2023-04-19T11:57:29+02:00\" class=\"uagb-post__date\">\n\t\t\t\t<span class=\"dashicons-calendar dashicons\"><\/span>\t\t\t\t\t19 avril 2023\t\t\t\t<\/time>\n\t\t\t\t\t\t\t<span class=\"uagb-post__comment\">\n\t\t\t\t<span class=\"dashicons-admin-comments dashicons\"><\/span>\t\t\t\t\tAucun commentaire\t\t\t\t<\/span>\n\t\t\t\t\t\t<\/div>\n\t\t\t\t\t\t\t<div class='uagb-post__text uagb-post__excerpt'>\n\t\t\t\t\t<p>Avez-vous d\u00e9j\u00e0 remarqu\u00e9 que vous vous asseyez toujours avec une mauvaise posture au travail ?&#8230;\t\t\t\t<\/div>\n\t\t\t\t\t\t<div class=\"uagb-post__text uagb-post__cta wp-block-button\">\n\t\t\t\t<a class=\"wp-block-button__link uagb-text-link\" href=\"https:\/\/nutribien.fr\/?p=25818\" target=\"_self\" rel=\"bookmark noopener noreferrer\">Lire la suite<\/a>\n\t\t\t<\/div>\n\t\t\t\t\t\t\t\t\t\t\t\t<\/article>\n\t\t\t\t\t\t\t\t\t\t\t\t\t\t\t\t<article class=\"uagb-post__inner-wrap\">\t\t\t\t\t\t\t\t<div class='uagb-post__image'>\n\t\t\t\t\t\t\t\t\t<a href=\"https:\/\/nutribien.fr\/?p=25809\" target=\"_self\" rel=\"bookmark noopener noreferrer\"><img loading=\"lazy\" decoding=\"async\" width=\"640\" height=\"369\" src=\"https:\/\/nutribien.fr\/wp-content\/uploads\/2023\/04\/amin-ramezani-5TsmPn4T76o-unsplash.jpg\" class=\"attachment-large size-large\" alt=\"\" srcset=\"https:\/\/nutribien.fr\/wp-content\/uploads\/2023\/04\/amin-ramezani-5TsmPn4T76o-unsplash.jpg 640w, https:\/\/nutribien.fr\/wp-content\/uploads\/2023\/04\/amin-ramezani-5TsmPn4T76o-unsplash-300x173.jpg 300w\" sizes=\"auto, (max-width: 640px) 100vw, 640px\" \/>\t\t\t\t\t<\/a>\n\t\t\t\t\t\t\t\t\t<\/div>\n\t\t\t\t\t\t<h4 class=\"uagb-post__title uagb-post__text\">\n\t\t\t\t<a href=\"https:\/\/nutribien.fr\/?p=25809\" target=\"_self\" rel=\"bookmark noopener noreferrer\">Salade de poulet grill\u00e9 aux fraises<\/a>\n\t\t\t<\/h4>\n\t\t\t\t\t\t<div class='uagb-post__text uagb-post-grid-byline'>\n\t\t\t\t\t\t\t\t<time datetime=\"2023-04-18T11:30:00+02:00\" class=\"uagb-post__date\">\n\t\t\t\t<span class=\"dashicons-calendar dashicons\"><\/span>\t\t\t\t\t18 avril 2023\t\t\t\t<\/time>\n\t\t\t\t\t\t\t<span class=\"uagb-post__comment\">\n\t\t\t\t<span class=\"dashicons-admin-comments dashicons\"><\/span>\t\t\t\t\tAucun commentaire\t\t\t\t<\/span>\n\t\t\t\t\t\t<\/div>\n\t\t\t\t\t\t\t<div class='uagb-post__text uagb-post__excerpt'>\n\t\t\t\t\t<p>Voici une recette facile, bon march\u00e9 et saine pour le printemps Ingr\u00e9dients : 2 poitrines&#8230;\t\t\t\t<\/div>\n\t\t\t\t\t\t<div class=\"uagb-post__text uagb-post__cta wp-block-button\">\n\t\t\t\t<a class=\"wp-block-button__link uagb-text-link\" href=\"https:\/\/nutribien.fr\/?p=25809\" target=\"_self\" rel=\"bookmark noopener noreferrer\">Lire la suite<\/a>\n\t\t\t<\/div>\n\t\t\t\t\t\t\t\t\t\t\t\t<\/article>\n\t\t\t\t\t\t\t\t\t\t\t\t\t\t\t\t<article class=\"uagb-post__inner-wrap\">\t\t\t\t\t\t\t\t<div class='uagb-post__image'>\n\t\t\t\t\t\t\t\t\t<a href=\"https:\/\/nutribien.fr\/?p=25806\" target=\"_self\" rel=\"bookmark noopener noreferrer\"><img loading=\"lazy\" decoding=\"async\" width=\"640\" height=\"959\" src=\"https:\/\/nutribien.fr\/wp-content\/uploads\/2023\/04\/gaelle-marcel-IbAumuVoczY-unsplash.jpg\" class=\"attachment-large size-large\" alt=\"\" srcset=\"https:\/\/nutribien.fr\/wp-content\/uploads\/2023\/04\/gaelle-marcel-IbAumuVoczY-unsplash.jpg 640w, https:\/\/nutribien.fr\/wp-content\/uploads\/2023\/04\/gaelle-marcel-IbAumuVoczY-unsplash-200x300.jpg 200w\" sizes=\"auto, (max-width: 640px) 100vw, 640px\" \/>\t\t\t\t\t<\/a>\n\t\t\t\t\t\t\t\t\t<\/div>\n\t\t\t\t\t\t<h4 class=\"uagb-post__title uagb-post__text\">\n\t\t\t\t<a href=\"https:\/\/nutribien.fr\/?p=25806\" target=\"_self\" rel=\"bookmark noopener noreferrer\">Salade de lentilles vertes, tomates et avocat<\/a>\n\t\t\t<\/h4>\n\t\t\t\t\t\t<div class='uagb-post__text uagb-post-grid-byline'>\n\t\t\t\t\t\t\t\t<time datetime=\"2023-04-17T11:21:06+02:00\" class=\"uagb-post__date\">\n\t\t\t\t<span class=\"dashicons-calendar dashicons\"><\/span>\t\t\t\t\t17 avril 2023\t\t\t\t<\/time>\n\t\t\t\t\t\t\t<span class=\"uagb-post__comment\">\n\t\t\t\t<span class=\"dashicons-admin-comments dashicons\"><\/span>\t\t\t\t\tAucun commentaire\t\t\t\t<\/span>\n\t\t\t\t\t\t<\/div>\n\t\t\t\t\t\t\t<div class='uagb-post__text uagb-post__excerpt'>\n\t\t\t\t\t<p>Ingr\u00e9dients : 1 tasse de lentilles vertes 2 tasses d&rsquo;eau 1 petite tomate coup\u00e9e en&#8230;\t\t\t\t<\/div>\n\t\t\t\t\t\t<div class=\"uagb-post__text uagb-post__cta wp-block-button\">\n\t\t\t\t<a class=\"wp-block-button__link uagb-text-link\" href=\"https:\/\/nutribien.fr\/?p=25806\" target=\"_self\" rel=\"bookmark noopener noreferrer\">Lire la suite<\/a>\n\t\t\t<\/div>\n\t\t\t\t\t\t\t\t\t\t\t\t<\/article>\n\t\t\t\t\t\t\t\t\t\t\t\t\t\t\t\t<article class=\"uagb-post__inner-wrap\">\t\t\t\t\t\t\t\t<div class='uagb-post__image'>\n\t\t\t\t\t\t\t\t\t<a href=\"https:\/\/nutribien.fr\/?p=25794\" target=\"_self\" rel=\"bookmark noopener noreferrer\"><img loading=\"lazy\" decoding=\"async\" width=\"640\" height=\"427\" src=\"https:\/\/nutribien.fr\/wp-content\/uploads\/2023\/04\/jason-yoder-4g8SDwRbKnk-unsplash.jpg\" class=\"attachment-large size-large\" alt=\"\" srcset=\"https:\/\/nutribien.fr\/wp-content\/uploads\/2023\/04\/jason-yoder-4g8SDwRbKnk-unsplash.jpg 640w, https:\/\/nutribien.fr\/wp-content\/uploads\/2023\/04\/jason-yoder-4g8SDwRbKnk-unsplash-300x200.jpg 300w\" sizes=\"auto, (max-width: 640px) 100vw, 640px\" \/>\t\t\t\t\t<\/a>\n\t\t\t\t\t\t\t\t\t<\/div>\n\t\t\t\t\t\t<h4 class=\"uagb-post__title uagb-post__text\">\n\t\t\t\t<a href=\"https:\/\/nutribien.fr\/?p=25794\" target=\"_self\" rel=\"bookmark noopener noreferrer\">10 conseils pour perdre du ventre sans r\u00e9gime<\/a>\n\t\t\t<\/h4>\n\t\t\t\t\t\t<div class='uagb-post__text uagb-post-grid-byline'>\n\t\t\t\t\t\t\t\t<time datetime=\"2023-04-16T11:24:00+02:00\" class=\"uagb-post__date\">\n\t\t\t\t<span class=\"dashicons-calendar dashicons\"><\/span>\t\t\t\t\t16 avril 2023\t\t\t\t<\/time>\n\t\t\t\t\t\t\t<span class=\"uagb-post__comment\">\n\t\t\t\t<span class=\"dashicons-admin-comments dashicons\"><\/span>\t\t\t\t\tAucun commentaire\t\t\t\t<\/span>\n\t\t\t\t\t\t<\/div>\n\t\t\t\t\t\t\t<div class='uagb-post__text uagb-post__excerpt'>\n\t\t\t\t\t<p>Avoir un ventre plat et tonique est un objectif commun pour beaucoup de gens. Cependant,&#8230;\t\t\t\t<\/div>\n\t\t\t\t\t\t<div class=\"uagb-post__text uagb-post__cta wp-block-button\">\n\t\t\t\t<a class=\"wp-block-button__link uagb-text-link\" href=\"https:\/\/nutribien.fr\/?p=25794\" target=\"_self\" rel=\"bookmark noopener noreferrer\">Lire la suite<\/a>\n\t\t\t<\/div>\n\t\t\t\t\t\t\t\t\t\t\t\t<\/article>\n\t\t\t\t\t\t\t\t\t\t\t<\/div>\n\t\t\t\n\n\n<div class=\"wp-block-uagb-container uagb-block-df406b22 alignfull uagb-is-root-container\"><div class=\"uagb-container-inner-blocks-wrap\">\n<div class=\"wp-block-uagb-advanced-heading uagb-block-137fc0cc\"><h2 class=\"uagb-heading-text\">Cat\u00e9gories Populaires<\/h2><\/div>\n\n\n\n<div class=\"wp-block-uagb-container uagb-block-03c0e5d9\">\n<div class=\"wp-block-uagb-container uagb-block-1002fab9\">\n<div class=\"wp-block-uagb-advanced-heading uagb-block-a7d47bb7\"><h3 class=\"uagb-heading-text\"><a href=\"https:\/\/nutribien.fr\/?cat=9\" data-type=\"category\" data-id=\"9\">Nutrition<\/a><\/h3><\/div>\n<\/div>\n\n\n\n<div class=\"wp-block-uagb-container uagb-block-f0121fb9\">\n<div class=\"wp-block-uagb-advanced-heading uagb-block-421b0733\"><h3 class=\"uagb-heading-text\"><a href=\"https:\/\/nutribien.fr\/?cat=8\" data-type=\"category\" data-id=\"8\">Lifestyle<\/a><\/h3><\/div>\n<\/div>\n\n\n\n<div class=\"wp-block-uagb-container uagb-block-787f38a3\">\n<div class=\"wp-block-uagb-advanced-heading uagb-block-0e848fbd\"><h3 class=\"uagb-heading-text\"><a href=\"https:\/\/nutribien.fr\/?cat=5\" data-type=\"category\" data-id=\"5\">Recettes<\/a><\/h3><\/div>\n<\/div>\n\n\n\n<div class=\"wp-block-uagb-container uagb-block-17a9f378\">\n<div class=\"wp-block-uagb-advanced-heading uagb-block-46b931e1\"><h3 class=\"uagb-heading-text\"><a href=\"https:\/\/nutribien.fr\/?cat=7\" data-type=\"category\" data-id=\"7\">Fitness et bien-\u00eatre<\/a><\/h3><\/div>\n<\/div>\n<\/div>\n<\/div><\/div>\n","protected":false},"excerpt":{"rendered":"<p>D\u00e9couvrez les meilleurs produits pour une vie saine Cat\u00e9gories Populaires Nutrition Lifestyle Recettes Fitness et bien-\u00eatre<\/p>\n","protected":false},"author":1,"featured_media":0,"parent":0,"menu_order":0,"comment_status":"closed","ping_status":"closed","template":"","meta":{"_uag_custom_page_level_css":"","site-sidebar-layout":"default","site-content-layout":"plain-container","ast-site-content-layout":"","site-content-style":"default","site-sidebar-style":"default","ast-global-header-display":"","ast-banner-title-visibility":"","ast-main-header-display":"","ast-hfb-above-header-display":"","ast-hfb-below-header-display":"","ast-hfb-mobile-header-display":"","site-post-title":"disabled","ast-breadcrumbs-content":"","ast-featured-img":"","footer-sml-layout":"","theme-transparent-header-meta":"","adv-header-id-meta":"","stick-header-meta":"","header-above-stick-meta":"","header-main-stick-meta":"","header-below-stick-meta":"","astra-migrate-meta-layouts":"","footnotes":""},"class_list":["post-776","page","type-page","status-publish","hentry"],"uagb_featured_image_src":{"full":false,"thumbnail":false,"medium":false,"medium_large":false,"large":false,"1536x1536":false,"2048x2048":false},"uagb_author_info":{"display_name":"Visiom","author_link":"https:\/\/nutribien.fr\/?author=1"},"uagb_comment_info":0,"uagb_excerpt":"D\u00e9couvrez les meilleurs produits pour une vie saine Cat\u00e9gories Populaires Nutrition Lifestyle Recettes Fitness et bien-\u00eatre","_links":{"self":[{"href":"https:\/\/nutribien.fr\/index.php?rest_route=\/wp\/v2\/pages\/776","targetHints":{"allow":["GET"]}}],"collection":[{"href":"https:\/\/nutribien.fr\/index.php?rest_route=\/wp\/v2\/pages"}],"about":[{"href":"https:\/\/nutribien.fr\/index.php?rest_route=\/wp\/v2\/types\/page"}],"author":[{"embeddable":true,"href":"https:\/\/nutribien.fr\/index.php?rest_route=\/wp\/v2\/users\/1"}],"replies":[{"embeddable":true,"href":"https:\/\/nutribien.fr\/index.php?rest_route=%2Fwp%2Fv2%2Fcomments&post=776"}],"version-history":[{"count":20,"href":"https:\/\/nutribien.fr\/index.php?rest_route=\/wp\/v2\/pages\/776\/revisions"}],"predecessor-version":[{"id":25827,"href":"https:\/\/nutribien.fr\/index.php?rest_route=\/wp\/v2\/pages\/776\/revisions\/25827"}],"wp:attachment":[{"href":"https:\/\/nutribien.fr\/index.php?rest_route=%2Fwp%2Fv2%2Fmedia&parent=776"}],"curies":[{"name":"wp","href":"https:\/\/api.w.org\/{rel}","templated":true}]}}