{"id":1578,"date":"2022-11-23T11:39:29","date_gmt":"2022-11-23T11:39:29","guid":{"rendered":"https:\/\/nutribien.fr\/about\/"},"modified":"2023-04-04T21:42:09","modified_gmt":"2023-04-04T19:42:09","slug":"about","status":"publish","type":"page","link":"https:\/\/nutribien.fr\/?page_id=1578","title":{"rendered":"\u00c0 propos"},"content":{"rendered":"\n<div class=\"wp-block-uagb-container uagb-block-84ee863c alignfull uagb-is-root-container\"><div class=\"uagb-container-inner-blocks-wrap\">\n<div class=\"wp-block-uagb-container uagb-block-de68dbe0\">\n<div class=\"wp-block-uagb-advanced-heading uagb-block-070e01b4\"><h6 class=\"uagb-heading-text\">\u00c0 propos de nous<\/h6><\/div>\n\n\n\n<div class=\"wp-block-uagb-advanced-heading uagb-block-868b8ea6\"><h1 class=\"uagb-heading-text\">Notre mission et nos valeurs<\/h1><\/div>\n\n\n\n<div class=\"wp-block-uagb-advanced-heading uagb-block-5571a836\"><h4 class=\"uagb-heading-text\">Nutribien.fr est un site d&rsquo;affiliation d\u00e9di\u00e9 \u00e0 la promotion de produits sains pour une vie saine. Nous ne produisons pas ces produits, mais nous sommes passionn\u00e9s par leur qualit\u00e9 et leur impact positif sur la sant\u00e9. Notre mission est d&rsquo;aider les gens \u00e0 trouver les meilleurs produits pour leur sant\u00e9 et leur bien-\u00eatre.<br><\/h4><p class=\"uagb-desc-text\">Nous croyons fermement que la nourriture et les suppl\u00e9ments que nous consommons ont un impact direct sur notre sant\u00e9 physique et mentale. C&rsquo;est pourquoi nous avons s\u00e9lectionn\u00e9 les meilleurs produits sur le march\u00e9 pour vous offrir une exp\u00e9rience de magasinage en ligne facile et agr\u00e9able.<br><br>Nous sommes fiers de notre \u00e9quipe d&rsquo;experts en sant\u00e9 et en nutrition, qui travaillent dur pour rechercher et s\u00e9lectionner les produits les plus sains et les plus efficaces pour nos clients. Nous avons \u00e9galement \u00e9tabli des partenariats avec les meilleures marques pour vous offrir une grande vari\u00e9t\u00e9 de produits sains, allant des compl\u00e9ments alimentaires aux aliments biologiques et plus encore.<br><br>Nous sommes convaincus que tout le monde peut adopter un mode de vie sain et actif, et nous sommes l\u00e0 pour vous aider \u00e0 y parvenir. N&rsquo;h\u00e9sitez pas \u00e0 nous contacter si vous avez des questions ou des commentaires sur nos produits ou sur notre site. Nous sommes heureux de vous aider dans votre recherche des meilleurs produits pour votre sant\u00e9.<\/p><\/div>\n\n\n\n<div class=\"wp-block-uagb-advanced-heading uagb-block-7bd8305e\"><h4 class=\"uagb-heading-text\">Notre passion pour la sant\u00e9 et le bien-\u00eatre nourrit notre mission<\/h4><p class=\"uagb-desc-text\">Chez Nutribien.fr, notre objectif est de promouvoir des produits sains et de qualit\u00e9 pour vous aider \u00e0 am\u00e9liorer votre bien-\u00eatre. Nous sommes passionn\u00e9s par la sant\u00e9 et nous travaillons avec des marques r\u00e9put\u00e9es pour vous offrir le meilleur choix de produits. Nous esp\u00e9rons que vous nous ferez confiance pour vous accompagner dans votre parcours vers une vie plus saine et plus heureuse.<\/p><\/div>\n<\/div>\n\n\n\n<div class=\"wp-block-uagb-container uagb-block-e4ceb857\"><\/div>\n<\/div><\/div>\n\n\n\n<div class=\"wp-block-uagb-container uagb-block-e82d7f2d alignfull uagb-is-root-container\"><div class=\"uagb-container-inner-blocks-wrap\">\n<div class=\"wp-block-uagb-container uagb-block-62ecfcc0\">\n<div class=\"wp-block-uagb-advanced-heading uagb-block-ae30a8ad\"><h3 class=\"uagb-heading-text\">Notre \u00e9quipe<\/h3><div class=\"uagb-separator\"><\/div><\/div>\n<\/div>\n\n\n\n<div class=\"wp-block-uagb-container uagb-block-d7b061c4\">\n<div class=\"wp-block-uagb-advanced-heading uagb-block-c5552750\"><h4 class=\"uagb-heading-text\">Jeanne<\/h4><p class=\"uagb-desc-text\">Responsable marketing digital passionn\u00e9e par les derni\u00e8res tendances en mati\u00e8re de marketing en ligne et qui aime travailler en \u00e9troite collaboration avec l&rsquo;\u00e9quipe de d\u00e9veloppement web<\/p><\/div>\n<\/div>\n\n\n\n<div class=\"wp-block-uagb-container uagb-block-3ee271d6\">\n<div class=\"wp-block-uagb-advanced-heading uagb-block-066ffdff\"><h4 class=\"uagb-heading-text\">Pierre<\/h4><p class=\"uagb-desc-text\">Expert en nutrition avec plus de 10 ans d&rsquo;exp\u00e9rience dans l&rsquo;industrie alimentaire, qui apporte une expertise approfondie en mati\u00e8re de sant\u00e9 et de nutrition \u00e0 l&rsquo;\u00e9quipe<\/p><\/div>\n<\/div>\n\n\n\n<div class=\"wp-block-uagb-container uagb-block-db1470b9\">\n<div class=\"wp-block-uagb-advanced-heading uagb-block-8d8f787d\"><h4 class=\"uagb-heading-text\">Sarah<\/h4><p class=\"uagb-desc-text\">Sp\u00e9cialiste des r\u00e9seaux sociaux qui est cr\u00e9ative, innovante et passionn\u00e9e par l&rsquo;engagement des utilisateurs et la cr\u00e9ation de communaut\u00e9s en ligne<\/p><\/div>\n<\/div>\n\n\n\n<div class=\"wp-block-uagb-container uagb-block-73cfda3b\">\n<div class=\"wp-block-uagb-advanced-heading uagb-block-d0fa2223\"><h4 class=\"uagb-heading-text\">Marc<\/h4><p class=\"uagb-desc-text\">Concepteur graphique talentueux qui apporte une expertise cr\u00e9ative \u00e0 l&rsquo;\u00e9quipe en mati\u00e8re de conception d&rsquo;images, de graphiques et d&rsquo;autres supports visuels<\/p><\/div>\n<\/div>\n\n\n\n<div class=\"wp-block-uagb-container uagb-block-fa680b30\">\n<div class=\"wp-block-uagb-advanced-heading uagb-block-32e65bf1\"><h4 class=\"uagb-heading-text\">Am\u00e9lie<\/h4><p class=\"uagb-desc-text\">R\u00e9dactrice web et experte en SEO qui est passionn\u00e9e par la cr\u00e9ation de contenu pertinent et informatif pour le public de Nutribien.fr<\/p><\/div>\n<\/div>\n\n\n\n<div class=\"wp-block-uagb-container uagb-block-0629f9a6\">\n<div class=\"wp-block-uagb-advanced-heading uagb-block-9f1cbd63\"><h4 class=\"uagb-heading-text\">Mathieu<\/h4><p class=\"uagb-desc-text\">D\u00e9veloppeur web exp\u00e9riment\u00e9 qui travaille sur les derni\u00e8res technologies et qui apporte une expertise technique solide \u00e0 l&rsquo;\u00e9quipe pour maintenir et am\u00e9liorer constamment la performance du site<\/p><\/div>\n<\/div>\n\n\n\n<div class=\"wp-block-uagb-container uagb-block-74d688c7\">\n<div class=\"wp-block-uagb-info-box uagb-block-7bdf2d63 uagb-infobox__content-wrap  uagb-infobox-icon-above-title uagb-infobox-image-valign-top\"><div class=\"uagb-ifb-content\"><div class=\"uagb-ifb-title-wrap\"><\/div><div class=\"uagb-ifb-separator\"><\/div><\/div><\/div>\n\n\n\n<div class=\"wp-block-uagb-call-to-action uagb-block-efa2f3f2 wp-block-button\"><div class=\"uagb-cta__wrap\"><h2 class=\"uagb-cta__title\">Devenez r\u00e9dacteur<\/h2><p class=\"uagb-cta__desc\">Notre \u00e9quipe de passionn\u00e9s travaille avec d\u00e9vouement pour vous offrir des produits et des conseils pour une vie saine et \u00e9quilibr\u00e9e.<\/p><\/div><div class=\"uagb-cta__buttons\"><a href=\"#\" class=\"uagb-cta__button-link-wrapper wp-block-button__link\" target=\"_self\" rel=\"noopener noreferrer\">rejoindre L&rsquo;EQUIPE<\/a><\/div><\/div>\n<\/div>\n<\/div><\/div>\n\n\n\n<div class=\"wp-block-uagb-container uagb-block-b1c131da alignfull uagb-is-root-container\"><div class=\"uagb-container-inner-blocks-wrap\">\n<div class=\"wp-block-uagb-image aligncenter uagb-block-1584daef wp-block-uagb-image--layout-default wp-block-uagb-image--effect-static wp-block-uagb-image--align-center\"><figure class=\"wp-block-uagb-image__figure\"><img decoding=\"async\" srcset=\"https:\/\/nutribien.fr\/wp-content\/uploads\/2021\/07\/short-add-01.jpg \" src=\"https:\/\/nutribien.fr\/wp-content\/uploads\/2021\/07\/short-add-01.jpg\" alt=\"\" class=\"uag-image-79\" width=\"\" height=\"\" title=\"\" loading=\"lazy\"\/><\/figure><\/div>\n<\/div><\/div>\n","protected":false},"excerpt":{"rendered":"<p>\u00c0 propos de nous Notre mission et nos valeurs Nutribien.fr est un site d&rsquo;affiliation d\u00e9di\u00e9 \u00e0 la promotion de produits sains pour une vie saine. Nous ne produisons pas ces produits, mais nous sommes passionn\u00e9s par leur qualit\u00e9 et leur impact positif sur la sant\u00e9. Notre mission est d&rsquo;aider les gens \u00e0 trouver les meilleurs &hellip;<\/p>\n<p class=\"read-more\"> <a class=\"\" href=\"https:\/\/nutribien.fr\/?page_id=1578\"> <span class=\"screen-reader-text\">\u00c0 propos<\/span> Lire la suite\u00a0\u00bb<\/a><\/p>\n","protected":false},"author":1,"featured_media":0,"parent":0,"menu_order":0,"comment_status":"closed","ping_status":"closed","template":"","meta":{"_uag_custom_page_level_css":"","site-sidebar-layout":"default","site-content-layout":"plain-container","ast-site-content-layout":"","site-content-style":"default","site-sidebar-style":"default","ast-global-header-display":"","ast-banner-title-visibility":"","ast-main-header-display":"","ast-hfb-above-header-display":"","ast-hfb-below-header-display":"","ast-hfb-mobile-header-display":"","site-post-title":"disabled","ast-breadcrumbs-content":"","ast-featured-img":"","footer-sml-layout":"","theme-transparent-header-meta":"","adv-header-id-meta":"","stick-header-meta":"","header-above-stick-meta":"","header-main-stick-meta":"","header-below-stick-meta":"","astra-migrate-meta-layouts":"","footnotes":""},"class_list":["post-1578","page","type-page","status-publish","hentry"],"uagb_featured_image_src":{"full":false,"thumbnail":false,"medium":false,"medium_large":false,"large":false,"1536x1536":false,"2048x2048":false},"uagb_author_info":{"display_name":"Visiom","author_link":"https:\/\/nutribien.fr\/?author=1"},"uagb_comment_info":0,"uagb_excerpt":"\u00c0 propos de nous Notre mission et nos valeurs Nutribien.fr est un site d&rsquo;affiliation d\u00e9di\u00e9 \u00e0 la promotion de produits sains pour une vie saine. Nous ne produisons pas ces produits, mais nous sommes passionn\u00e9s par leur qualit\u00e9 et leur impact positif sur la sant\u00e9. Notre mission est d&rsquo;aider les gens \u00e0 trouver les meilleurs\u2026","_links":{"self":[{"href":"https:\/\/nutribien.fr\/index.php?rest_route=\/wp\/v2\/pages\/1578","targetHints":{"allow":["GET"]}}],"collection":[{"href":"https:\/\/nutribien.fr\/index.php?rest_route=\/wp\/v2\/pages"}],"about":[{"href":"https:\/\/nutribien.fr\/index.php?rest_route=\/wp\/v2\/types\/page"}],"author":[{"embeddable":true,"href":"https:\/\/nutribien.fr\/index.php?rest_route=\/wp\/v2\/users\/1"}],"replies":[{"embeddable":true,"href":"https:\/\/nutribien.fr\/index.php?rest_route=%2Fwp%2Fv2%2Fcomments&post=1578"}],"version-history":[{"count":4,"href":"https:\/\/nutribien.fr\/index.php?rest_route=\/wp\/v2\/pages\/1578\/revisions"}],"predecessor-version":[{"id":25714,"href":"https:\/\/nutribien.fr\/index.php?rest_route=\/wp\/v2\/pages\/1578\/revisions\/25714"}],"wp:attachment":[{"href":"https:\/\/nutribien.fr\/index.php?rest_route=%2Fwp%2Fv2%2Fmedia&parent=1578"}],"curies":[{"name":"wp","href":"https:\/\/api.w.org\/{rel}","templated":true}]}}